{"id":11,"date":"2015-01-06T17:25:45","date_gmt":"2015-01-06T17:25:45","guid":{"rendered":"http:\/\/cynthiahgnutrition.ca\/fr\/?page_id=11"},"modified":"2015-01-27T00:57:11","modified_gmt":"2015-01-27T00:57:11","slug":"services","status":"publish","type":"page","link":"http:\/\/cynthiahgnutrition.ca\/fr\/services\/","title":{"rendered":"Services"},"content":{"rendered":"<p>Avez-vous un diab\u00e8te non-contr\u00f4l\u00e9? \u00a0Faites-vous de la haute pression? Avez-vous une maladie cardiovasculaire?\u00a0 Voulez-vous perdre du poids?\u00a0 Voulez-vous \u00eatre en meilleure sant\u00e9?\u00a0 Avez-vous une fine bouche \u00e0 la maison? Avez-vous un objectif de performance \u00e0 atteindre? Avez-vous besoin d\u2019aide pour vivre en sant\u00e9?\u00a0 \u00cates-vous une compagnie qui d\u00e9sire offrir des services de nutrition \u00e0 vos employ\u00e9s?\u00a0 <strong><span style=\"text-decoration: underline;\">Une di\u00e9t\u00e9tiste peut vous aider!<\/span><\/strong><\/p>\n<p>Les services di\u00e9t\u00e9tiques incluent\u00a0:<\/p>\n<ul>\n<li>Consultation clinique pour aider la gestion des maladies chroniques<\/li>\n<li>Consultation g\u00e9n\u00e9rale sur la nutrition et manger sainement<\/li>\n<li>Nutrition sportive pour am\u00e9liorer la performance<\/li>\n<li>Session d\u2019information nutritionnelle pour employ\u00e9s<\/li>\n<\/ul>\n<p>Les di\u00e9t\u00e9tistes ne sont pas seulement utiles pour la gestion des maladies chroniques et pour la performance des athl\u00e8tes d\u2019\u00e9lite.\u00a0 Tout le monde peut b\u00e9n\u00e9ficier d\u2019une consultation pour r\u00e9viser et identifier vos objectifs de sant\u00e9, modifier votre di\u00e8te et obtenir des recettes et des conseils d\u2019un professionnel.\u00a0 Tous les employ\u00e9s peuvent b\u00e9n\u00e9ficier de services de nutrition et de sessions d\u2019information offerts durant les heures de travail et sp\u00e9cifiquement con\u00e7us pour r\u00e9pondre \u00e0 leurs besoins.<\/p>\n<p>&nbsp;<\/p>\n<p>***<span style=\"text-decoration: underline;\">Couverture d&#8217;Assurance:<\/span> Plusieurs compagnies d&#8217;assurance priv\u00e9e couvrent le co\u00fbt des consultations avec une di\u00e9t\u00e9tiste professionnelle, alors assurez-vous de v\u00e9rifier avec votre compagnie d&#8217;assurance. ***<\/p>\n<p>Pour plus d&#8217;information sur les services <a title=\"Individuels\" href=\"http:\/\/cynthiahgnutrition.ca\/fr\/individuels\/\">individuels<\/a>.<\/p>\n<p>Pour plus d&#8217;information sur les services <a title=\"Corporatifs\" href=\"http:\/\/cynthiahgnutrition.ca\/fr\/corporatifs\/\">corporatifs<\/a>.<\/p>\n","protected":false},"excerpt":{"rendered":"<p>Avez-vous un diab\u00e8te non-contr\u00f4l\u00e9? \u00a0Faites-vous de la haute pression? Avez-vous une maladie cardiovasculaire?\u00a0 Voulez-vous perdre du poids?\u00a0 Voulez-vous \u00eatre en meilleure sant\u00e9?\u00a0 Avez-vous une fine bouche \u00e0 la maison? Avez-vous un objectif de performance \u00e0 atteindre? Avez-vous besoin d\u2019aide pour vivre en sant\u00e9?\u00a0 \u00cates-vous une compagnie qui d\u00e9sire offrir des services de nutrition \u00e0 vos&hellip; <a href=\"http:\/\/cynthiahgnutrition.ca\/fr\/services\/\" class=\"more-link\">Continue reading <span class=\"screen-reader-text\">Services<\/span><\/a><\/p>\n","protected":false},"author":2,"featured_media":0,"parent":0,"menu_order":0,"comment_status":"open","ping_status":"open","template":"","meta":[],"_links":{"self":[{"href":"http:\/\/cynthiahgnutrition.ca\/fr\/wp-json\/wp\/v2\/pages\/11"}],"collection":[{"href":"http:\/\/cynthiahgnutrition.ca\/fr\/wp-json\/wp\/v2\/pages"}],"about":[{"href":"http:\/\/cynthiahgnutrition.ca\/fr\/wp-json\/wp\/v2\/types\/page"}],"author":[{"embeddable":true,"href":"http:\/\/cynthiahgnutrition.ca\/fr\/wp-json\/wp\/v2\/users\/2"}],"replies":[{"embeddable":true,"href":"http:\/\/cynthiahgnutrition.ca\/fr\/wp-json\/wp\/v2\/comments?post=11"}],"version-history":[{"count":5,"href":"http:\/\/cynthiahgnutrition.ca\/fr\/wp-json\/wp\/v2\/pages\/11\/revisions"}],"predecessor-version":[{"id":69,"href":"http:\/\/cynthiahgnutrition.ca\/fr\/wp-json\/wp\/v2\/pages\/11\/revisions\/69"}],"wp:attachment":[{"href":"http:\/\/cynthiahgnutrition.ca\/fr\/wp-json\/wp\/v2\/media?parent=11"}],"curies":[{"name":"wp","href":"https:\/\/api.w.org\/{rel}","templated":true}]}}