{"id":2,"date":"2015-01-05T17:58:10","date_gmt":"2015-01-05T17:58:10","guid":{"rendered":"http:\/\/cynthiahgnutrition.ca\/fr\/?page_id=2"},"modified":"2016-04-19T17:07:47","modified_gmt":"2016-04-19T17:07:47","slug":"sample-page","status":"publish","type":"page","link":"http:\/\/cynthiahgnutrition.ca\/fr\/","title":{"rendered":"Accueil"},"content":{"rendered":"<h3 style=\"text-align: left;\"><span style=\"text-decoration: underline;\"><strong>Bienvenue \u00e0 Cynthia HG Nutrition!<\/strong><\/span><\/h3>\n<p><span style=\"text-decoration: underline;\"><strong>Tout Nouvel Emplacement!<\/strong><\/span><\/p>\n<p>Tout nouvel emplacement! Je suis heureuse d\u2019annoncer que je serai bient\u00f4t disponible pour des consultations priv\u00e9es \u00e0 un tout nouvel emplacement.\u00a0 D\u00e9butant le 10 mai, je serais disponible \u00e0 l\u2019Ile-Perrot tous les mardis pour des consultations.\u00a0 Allez sur ma page de contact pour obtenir l\u2019adresse et num\u00e9ro de t\u00e9l\u00e9phone.<\/p>\n<p><span style=\"text-decoration: underline;\"><strong>Un peu \u00e0 propos de moi<\/strong><\/span><\/p>\n<p>Je suis une di\u00e9t\u00e9tiste\/nutritionniste bas\u00e9e \u00e0 Montreal avec un int\u00e9r\u00eat en nutrition pour le diab\u00e8te, nutrition pour la perte de poids, gestion de maladies chroniques et nutrition p\u00e9diatrique. Pour plus d&#8217;informations, <a href=\"http:\/\/cynthiahgnutrition.ca\/fr\/a-propos-de-cynthia\/\">cliquez ici.<\/a><\/p>\n<p><strong><span style=\"text-decoration: underline;\">Pourquoi consulter une di\u00e9t\u00e9tiste?<\/span><\/strong><\/p>\n<p>Les di\u00e9t\u00e9tistes sont form\u00e9es pour traduire la recherche scientifique en solutions pratiques afin de promouvoir la sant\u00e9 \u00e0 travers la nutrition. \u00a0Une di\u00e9t\u00e9tiste peut fournir des consultations et plans de repas personnalis\u00e9s pour vous aider \u00e0 g\u00e9rer votre poids, vos allergies alimentaires, les maladies chroniques telles le diab\u00e8te, la maladie cardiovasculaire et l&#8217;hypertension. \u00a0Une di\u00e9t\u00e9tiste peut aussi vous fournir de l&#8217;information pour vous aider \u00e0 interpr\u00e9ter les tableaux de valeurs nutritives, les nouvelles tendances alimentaires et di\u00e8tes.<\/p>\n<p><strong><span style=\"text-decoration: underline;\">Quelle est la diff\u00e9rence entre une Di\u00e9t\u00e9tiste et une Nutritionniste?<\/span><\/strong><\/p>\n<p>Les di\u00e9t\u00e9tistes ont un dipl\u00f4me universitaire et au moins 1250 heures supervis\u00e9es de formation pratique. Le titre &#8220;<span style=\"text-decoration: underline;\">Di\u00e9t\u00e9tiste<\/span>&#8221; est prot\u00e9g\u00e9 par la loi, ce qui veut dire que seulement les individus ayant compl\u00e9t\u00e9e la formation n\u00e9cessaire peuvent utiliser ce titre. \u00a0Le titre &#8220;<span style=\"text-decoration: underline;\">Nutritionniste<\/span>&#8221; est prot\u00e9g\u00e9 par la loi <span style=\"text-decoration: underline;\"><strong>seulement<\/strong><\/span> en Alberta, au Qu\u00e9bec et en Nouvelle-\u00c9cosse &#8211; ceci veut dire qu&#8217;ailleurs, n&#8217;importe qui peut utiliser ce titre.<\/p>\n","protected":false},"excerpt":{"rendered":"<p>Bienvenue \u00e0 Cynthia HG Nutrition! Tout Nouvel Emplacement! Tout nouvel emplacement! Je suis heureuse d\u2019annoncer que je serai bient\u00f4t disponible pour des consultations priv\u00e9es \u00e0 un tout nouvel emplacement.\u00a0 D\u00e9butant le 10 mai, je serais disponible \u00e0 l\u2019Ile-Perrot tous les mardis pour des consultations.\u00a0 Allez sur ma page de contact pour obtenir l\u2019adresse et num\u00e9ro&hellip; <a href=\"http:\/\/cynthiahgnutrition.ca\/fr\/\" class=\"more-link\">Continue reading <span class=\"screen-reader-text\">Accueil<\/span><\/a><\/p>\n","protected":false},"author":1,"featured_media":0,"parent":0,"menu_order":0,"comment_status":"open","ping_status":"open","template":"","meta":[],"_links":{"self":[{"href":"http:\/\/cynthiahgnutrition.ca\/fr\/wp-json\/wp\/v2\/pages\/2"}],"collection":[{"href":"http:\/\/cynthiahgnutrition.ca\/fr\/wp-json\/wp\/v2\/pages"}],"about":[{"href":"http:\/\/cynthiahgnutrition.ca\/fr\/wp-json\/wp\/v2\/types\/page"}],"author":[{"embeddable":true,"href":"http:\/\/cynthiahgnutrition.ca\/fr\/wp-json\/wp\/v2\/users\/1"}],"replies":[{"embeddable":true,"href":"http:\/\/cynthiahgnutrition.ca\/fr\/wp-json\/wp\/v2\/comments?post=2"}],"version-history":[{"count":12,"href":"http:\/\/cynthiahgnutrition.ca\/fr\/wp-json\/wp\/v2\/pages\/2\/revisions"}],"predecessor-version":[{"id":143,"href":"http:\/\/cynthiahgnutrition.ca\/fr\/wp-json\/wp\/v2\/pages\/2\/revisions\/143"}],"wp:attachment":[{"href":"http:\/\/cynthiahgnutrition.ca\/fr\/wp-json\/wp\/v2\/media?parent=2"}],"curies":[{"name":"wp","href":"https:\/\/api.w.org\/{rel}","templated":true}]}}