{"id":31,"date":"2015-01-19T21:17:19","date_gmt":"2015-01-19T21:17:19","guid":{"rendered":"http:\/\/cynthiahgnutrition.ca\/fr\/?page_id=31"},"modified":"2016-04-19T17:06:30","modified_gmt":"2016-04-19T17:06:30","slug":"contact","status":"publish","type":"page","link":"http:\/\/cynthiahgnutrition.ca\/fr\/contact\/","title":{"rendered":"Contact"},"content":{"rendered":"<p><strong>Courriel:\u00a0<\/strong>info@cynthiahgnutrition.ca<\/p>\n<p><strong><span style=\"text-decoration: underline;\">Bureau Montr\u00e9al:<\/span><\/strong><\/p>\n<p><strong>T\u00e9l\u00e9phone:<\/strong> 514-932-2334, poste 286<\/p>\n<p><strong>Situ\u00e9 \u00e0:<\/strong><\/p>\n<p>Clinique M\u00e9dicale Westmount Square, 1 Westmount Square, Suite C-230, Westmount, Qc<\/p>\n<p>Facilement accessible par la station de m\u00e9tro Atwater, simplement suivre la sortie vers &#8220;Westmount Square&#8221;<\/p>\n<p>Validation de stationnement int\u00e9rieur pour une p\u00e9riode de 3 heures<\/p>\n<p><strong>Heures:\u00a0<\/strong>Lundis et Jeudis de 9:30 \u00e0 18:30, Samedis de 9:30-12:30<\/p>\n<p><span style=\"text-decoration: underline;\"><strong>Bureau Ile-Perrot<\/strong><\/span><\/p>\n<p><strong>T\u00e9l\u00e9phone:<\/strong> 514-453-2896<\/p>\n<p><strong>Adresse:<\/strong>\u00a0Jean Coutu situ\u00e9 au 405 Grand Boulevard, Ile-Perrot, Qc, J7V4X3<\/p>\n<p><strong>Heures:<\/strong>\u00a0Mardis toute la journ\u00e9e d\u00e9butant le 10 mai<\/p>\n","protected":false},"excerpt":{"rendered":"<p>Courriel:\u00a0info@cynthiahgnutrition.ca Bureau Montr\u00e9al: T\u00e9l\u00e9phone: 514-932-2334, poste 286 Situ\u00e9 \u00e0: Clinique M\u00e9dicale Westmount Square, 1 Westmount Square, Suite C-230, Westmount, Qc Facilement accessible par la station de m\u00e9tro Atwater, simplement suivre la sortie vers &#8220;Westmount Square&#8221; Validation de stationnement int\u00e9rieur pour une p\u00e9riode de 3 heures Heures:\u00a0Lundis et Jeudis de 9:30 \u00e0 18:30, Samedis de 9:30-12:30&hellip; <a href=\"http:\/\/cynthiahgnutrition.ca\/fr\/contact\/\" class=\"more-link\">Continue reading <span class=\"screen-reader-text\">Contact<\/span><\/a><\/p>\n","protected":false},"author":1,"featured_media":0,"parent":0,"menu_order":0,"comment_status":"closed","ping_status":"closed","template":"","meta":[],"_links":{"self":[{"href":"http:\/\/cynthiahgnutrition.ca\/fr\/wp-json\/wp\/v2\/pages\/31"}],"collection":[{"href":"http:\/\/cynthiahgnutrition.ca\/fr\/wp-json\/wp\/v2\/pages"}],"about":[{"href":"http:\/\/cynthiahgnutrition.ca\/fr\/wp-json\/wp\/v2\/types\/page"}],"author":[{"embeddable":true,"href":"http:\/\/cynthiahgnutrition.ca\/fr\/wp-json\/wp\/v2\/users\/1"}],"replies":[{"embeddable":true,"href":"http:\/\/cynthiahgnutrition.ca\/fr\/wp-json\/wp\/v2\/comments?post=31"}],"version-history":[{"count":7,"href":"http:\/\/cynthiahgnutrition.ca\/fr\/wp-json\/wp\/v2\/pages\/31\/revisions"}],"predecessor-version":[{"id":142,"href":"http:\/\/cynthiahgnutrition.ca\/fr\/wp-json\/wp\/v2\/pages\/31\/revisions\/142"}],"wp:attachment":[{"href":"http:\/\/cynthiahgnutrition.ca\/fr\/wp-json\/wp\/v2\/media?parent=31"}],"curies":[{"name":"wp","href":"https:\/\/api.w.org\/{rel}","templated":true}]}}