{"id":58,"date":"2015-01-26T20:09:59","date_gmt":"2015-01-26T20:09:59","guid":{"rendered":"http:\/\/cynthiahgnutrition.ca\/fr\/?page_id=58"},"modified":"2015-01-26T20:14:52","modified_gmt":"2015-01-26T20:14:52","slug":"individuels","status":"publish","type":"page","link":"http:\/\/cynthiahgnutrition.ca\/fr\/individuels\/","title":{"rendered":"Individuels"},"content":{"rendered":"<h5><span style=\"text-decoration: underline;\">\u00c0 quoi s&#8217;attendre?<\/span><\/h5>\n<p>Suite \u00e0 une \u00e9valuation initial, vous pourrez vous attendre \u00e0 n\u00e9cessiter quelques suivis r\u00e9partis \u00e0 travers l&#8217;ann\u00e9e tel que dict\u00e9 par vos objectifs et vos progr\u00e8s. \u00a0Nous discuterons de vos besoins et \u00e9tablirons le meilleur horaire pour vous.<\/p>\n<h5><span style=\"text-decoration: underline;\">\u00c9valuation Initiale &#8211; Une Heure<\/span><\/h5>\n<p>Cette rencontre initiale me permet d\u2019apprendre \u00e0 conna\u00eetre vos besoins, de comprendre votre situation et d\u2019\u00e9tablir la meilleure approche pour vous.\u00a0 Pour toute gestion de maladies chroniques, je sugg\u00e8re que vous m\u2019ameniez tous les r\u00e9sultats de laboratoire r\u00e9cents.\u00a0 Une r\u00e9vision d\u00e9taill\u00e9e de votre di\u00e8te actuelle et de vos habitudes alimentaires sera effectu\u00e9e et des recommandations pour l\u2019am\u00e9liorer seront fournies.\u00a0 Aussi, nous travaillerons ensemble pour fixer des objectifs raisonnables et r\u00e9alisables ainsi que d\u2019\u00e9tablir des strat\u00e9gies afin de les atteindre.<\/p>\n<h5><span style=\"text-decoration: underline;\">Suivi &#8211; Options de 30 min, 45 min et 60 min<\/span><\/h5>\n<p>Apporter des changements peut \u00eatre difficile, mais je suis l\u00e0 pour fournir tout le support n\u00e9cessaire.\u00a0 C\u2019est pourquoi je recommande des rendez-vous de suivis afin de discuter de votre progr\u00e8s, r\u00e9viser tous nouveaux r\u00e9sultats de laboratoire et discuter de ce qui fonctionne et ce qui ne fonctionne pas.\u00a0 Aborder ces questions d\u00e8s qu\u2019elles se pr\u00e9sentent assure les meilleurs r\u00e9sultats possibles en ce qui attrait \u00e0 atteindre vos objectifs.\u00a0 Des objectifs et strat\u00e9gies r\u00e9vis\u00e9es seront \u00e9tablis.\u00a0 Ces rendez-vous vous fournissent un support individualis\u00e9 et la possibilit\u00e9 de discuter de tout obstacle \u00e0 votre succ\u00e8s.<\/p>\n","protected":false},"excerpt":{"rendered":"<p>\u00c0 quoi s&#8217;attendre? Suite \u00e0 une \u00e9valuation initial, vous pourrez vous attendre \u00e0 n\u00e9cessiter quelques suivis r\u00e9partis \u00e0 travers l&#8217;ann\u00e9e tel que dict\u00e9 par vos objectifs et vos progr\u00e8s. \u00a0Nous discuterons de vos besoins et \u00e9tablirons le meilleur horaire pour vous. \u00c9valuation Initiale &#8211; Une Heure Cette rencontre initiale me permet d\u2019apprendre \u00e0 conna\u00eetre vos&hellip; <a href=\"http:\/\/cynthiahgnutrition.ca\/fr\/individuels\/\" class=\"more-link\">Continue reading <span class=\"screen-reader-text\">Individuels<\/span><\/a><\/p>\n","protected":false},"author":1,"featured_media":0,"parent":0,"menu_order":0,"comment_status":"closed","ping_status":"closed","template":"","meta":[],"_links":{"self":[{"href":"http:\/\/cynthiahgnutrition.ca\/fr\/wp-json\/wp\/v2\/pages\/58"}],"collection":[{"href":"http:\/\/cynthiahgnutrition.ca\/fr\/wp-json\/wp\/v2\/pages"}],"about":[{"href":"http:\/\/cynthiahgnutrition.ca\/fr\/wp-json\/wp\/v2\/types\/page"}],"author":[{"embeddable":true,"href":"http:\/\/cynthiahgnutrition.ca\/fr\/wp-json\/wp\/v2\/users\/1"}],"replies":[{"embeddable":true,"href":"http:\/\/cynthiahgnutrition.ca\/fr\/wp-json\/wp\/v2\/comments?post=58"}],"version-history":[{"count":3,"href":"http:\/\/cynthiahgnutrition.ca\/fr\/wp-json\/wp\/v2\/pages\/58\/revisions"}],"predecessor-version":[{"id":66,"href":"http:\/\/cynthiahgnutrition.ca\/fr\/wp-json\/wp\/v2\/pages\/58\/revisions\/66"}],"wp:attachment":[{"href":"http:\/\/cynthiahgnutrition.ca\/fr\/wp-json\/wp\/v2\/media?parent=58"}],"curies":[{"name":"wp","href":"https:\/\/api.w.org\/{rel}","templated":true}]}}