{"id":61,"date":"2015-01-26T20:10:13","date_gmt":"2015-01-26T20:10:13","guid":{"rendered":"http:\/\/cynthiahgnutrition.ca\/fr\/?page_id=61"},"modified":"2015-02-05T15:41:21","modified_gmt":"2015-02-05T15:41:21","slug":"corporatifs","status":"publish","type":"page","link":"http:\/\/cynthiahgnutrition.ca\/fr\/corporatifs\/","title":{"rendered":"Corporatifs"},"content":{"rendered":"<p>Un employ\u00e9 en sant\u00e9 est un employ\u00e9 heureux!\u00a0 Il y a de plus en plus d\u2019\u00e9vidence que la sant\u00e9 d\u2019un employ\u00e9 et la performance au travail sont reli\u00e9s.\u00a0 Des strat\u00e9gies de bien-\u00eatre sont impl\u00e9ment\u00e9es dans plusieurs grandes compagnies et la nutrition est un aspect important de la sant\u00e9 des employ\u00e9s.\u00a0 Les services suivants sont quelques uns des services que vous pourriez offrir \u00e0 vos employ\u00e9s afin de\u00a0 les aider \u00e0 vivre en sant\u00e9!<\/p>\n<h5><span style=\"text-decoration: underline;\">D\u00eener-Conf\u00e9rence<\/span><\/h5>\n<p>Une discussion de vos objectifs, vos besoins et votre vision aura lieu avant la pr\u00e9sentation.\u00a0 La pr\u00e9sentation sera d\u00e9velopp\u00e9e pour informer les employ\u00e9s sur une vari\u00e9t\u00e9 de sujets nutritionnels bas\u00e9s sur les objectifs et besoins discut\u00e9s.<\/p>\n<p><span style=\"text-decoration: underline;\"><strong>Format:<\/strong><\/span> Une pr\u00e9sentation de 45 minutes suivie d&#8217;une p\u00e9riode de questions de 15 minutes pendant l&#8217;heure du lunch. \u00a0Des feuilles de conseils et\/ou autres documents pertinents seront fournis.<\/p>\n<p><span style=\"text-decoration: underline;\"><strong>Id\u00e9es de sujet:<\/strong><\/span><\/p>\n<ul>\n<li>Nutrition sur le pouce \u2013 Strat\u00e9gies d\u2019alimentation sant\u00e9 pour des professionnels occup\u00e9s<\/li>\n<li>Alimenter une vie active \u2013 La base de la nutrition sportive pour vos entra\u00eenements<\/li>\n<li>S\u2019\u00e9nergiser avec un d\u00e9jeuner \u2013 L\u2019importance de d\u00e9jeuner pour de l\u2019\u00e9nergie toute la journ\u00e9e<\/li>\n<li>Prot\u00e9ines \u2013 Combien en avons-nous r\u00e9ellement besoin?<\/li>\n<\/ul>\n<h5><span style=\"text-decoration: underline;\">Consultations Rapides<\/span><\/h5>\n<p>Les employ\u00e9s d\u2019une compagnie int\u00e9ress\u00e9s \u00e0 obtenir des conseils en nutrition peuvent s\u2019enregistrer avec Cynthia, o\u00f9 les questions individuelles seront discut\u00e9es en priv\u00e9. \u00a0Un horaire pr\u00e9liminaire sera compil\u00e9 avec chacune des sessions durant environ 20 minutes.<\/p>\n<h5><span style=\"text-decoration: underline;\">Consultations Sur Place<\/span><\/h5>\n<p>Offrez la chance \u00e0 vos employ\u00e9s d\u2019avoir leur di\u00e9t\u00e9tiste personnelle disponible pour des consultations priv\u00e9es sur place au travail \u2013 soit une consultation initiale ou un suivi.\u00a0 Ils vous remercieront de votre pr\u00e9occupation pour leur sant\u00e9.<\/p>\n","protected":false},"excerpt":{"rendered":"<p>Un employ\u00e9 en sant\u00e9 est un employ\u00e9 heureux!\u00a0 Il y a de plus en plus d\u2019\u00e9vidence que la sant\u00e9 d\u2019un employ\u00e9 et la performance au travail sont reli\u00e9s.\u00a0 Des strat\u00e9gies de bien-\u00eatre sont impl\u00e9ment\u00e9es dans plusieurs grandes compagnies et la nutrition est un aspect important de la sant\u00e9 des employ\u00e9s.\u00a0 Les services suivants sont quelques&hellip; <a href=\"http:\/\/cynthiahgnutrition.ca\/fr\/corporatifs\/\" class=\"more-link\">Continue reading <span class=\"screen-reader-text\">Corporatifs<\/span><\/a><\/p>\n","protected":false},"author":1,"featured_media":0,"parent":0,"menu_order":0,"comment_status":"closed","ping_status":"closed","template":"","meta":[],"_links":{"self":[{"href":"http:\/\/cynthiahgnutrition.ca\/fr\/wp-json\/wp\/v2\/pages\/61"}],"collection":[{"href":"http:\/\/cynthiahgnutrition.ca\/fr\/wp-json\/wp\/v2\/pages"}],"about":[{"href":"http:\/\/cynthiahgnutrition.ca\/fr\/wp-json\/wp\/v2\/types\/page"}],"author":[{"embeddable":true,"href":"http:\/\/cynthiahgnutrition.ca\/fr\/wp-json\/wp\/v2\/users\/1"}],"replies":[{"embeddable":true,"href":"http:\/\/cynthiahgnutrition.ca\/fr\/wp-json\/wp\/v2\/comments?post=61"}],"version-history":[{"count":4,"href":"http:\/\/cynthiahgnutrition.ca\/fr\/wp-json\/wp\/v2\/pages\/61\/revisions"}],"predecessor-version":[{"id":74,"href":"http:\/\/cynthiahgnutrition.ca\/fr\/wp-json\/wp\/v2\/pages\/61\/revisions\/74"}],"wp:attachment":[{"href":"http:\/\/cynthiahgnutrition.ca\/fr\/wp-json\/wp\/v2\/media?parent=61"}],"curies":[{"name":"wp","href":"https:\/\/api.w.org\/{rel}","templated":true}]}}