{"id":9,"date":"2015-01-06T17:25:35","date_gmt":"2015-01-06T17:25:35","guid":{"rendered":"http:\/\/cynthiahgnutrition.ca\/fr\/?page_id=9"},"modified":"2015-01-19T21:27:41","modified_gmt":"2015-01-19T21:27:41","slug":"a-propos-de-cynthia","status":"publish","type":"page","link":"http:\/\/cynthiahgnutrition.ca\/fr\/a-propos-de-cynthia\/","title":{"rendered":"\u00c0 Propos de Cynthia"},"content":{"rendered":"<p><img loading=\"lazy\" class=\"alignleft  wp-image-32\" src=\"http:\/\/cynthiahgnutrition.ca\/fr\/wp-content\/uploads\/2015\/01\/Picabout-225x300.jpg\" alt=\"Picabout\" width=\"302\" height=\"400\" \/>Cynthia Harvey Girard est une di\u00e9t\u00e9tiste professionnelle et nutritionniste bas\u00e9e \u00e0 Montr\u00e9al. \u00a0Ses \u00e9tudes lui\u00a0ont permis d\u2019obtenir de l\u2019exp\u00e9rience pr\u00e9cieuse dans de nombreux domaines de pratique incluant la compr\u00e9hension physiologique de divers probl\u00e8mes m\u00e9dicaux, pr\u00e9paration et supervision d\u2019aliments, d\u00e9veloppement de recettes sp\u00e9cialis\u00e9es, ainsi que la nutrition clinique pour patients ayant divers probl\u00e8mes de sant\u00e9.<\/p>\n<p>Cynthia offre des consultations individuelles personnalis\u00e9es pour tous clients ayant des maladies chroniques, ainsi que ceux int\u00e9ress\u00e9s \u00e0 promouvoir la sant\u00e9 et pr\u00e9venir certaines maladies.\u00a0 Elle a aussi un int\u00e9r\u00eat \u00e0 promouvoir la sant\u00e9 au travail.<\/p>\n<p><span style=\"text-decoration: underline;\"><strong>\u00c9ducation:<\/strong><\/span>\u00a0Baccalaur\u00e9at des Sciences en Di\u00e9t\u00e9tique et Baccalaur\u00e9at des Sciences en Physiologie de l\u2019Universit\u00e9 McGill. \u00a0R\u00e9cipiendaire du prix d\u2019excellence de l\u2019OPDQ pour l\u2019\u00e9tudiante en di\u00e9t\u00e9tique de l\u2019Universit\u00e9 McGill.<\/p>\n<p><b><span style=\"text-decoration: underline;\">Sp\u00e9cialit\u00e9s atteintes en:<\/span><\/b>\u00a0p\u00e9diatrie, g\u00e9riatrie, diab\u00e8te, maladies cardiovasculaires, dyslipidemie, soins de longue dur\u00e9e et les soins intensifs.<\/p>\n<p><span style=\"text-decoration: underline;\"><strong>Certification:<\/strong><\/span>\u00a0Les di\u00e9t\u00e9tistes du Canada (DC) et l\u2019Ordre professionnel des di\u00e9t\u00e9tistes du Qu\u00e9bec (OPDQ) \u2013 ainsi que des groupes de DC suivants\u00a0: Consulting Dietitians, Diabetes, Obesity &amp; Cardiovascular, Pediatric Nutrition et Sport Nutrition.<\/p>\n","protected":false},"excerpt":{"rendered":"<p>Cynthia Harvey Girard est une di\u00e9t\u00e9tiste professionnelle et nutritionniste bas\u00e9e \u00e0 Montr\u00e9al. \u00a0Ses \u00e9tudes lui\u00a0ont permis d\u2019obtenir de l\u2019exp\u00e9rience pr\u00e9cieuse dans de nombreux domaines de pratique incluant la compr\u00e9hension physiologique de divers probl\u00e8mes m\u00e9dicaux, pr\u00e9paration et supervision d\u2019aliments, d\u00e9veloppement de recettes sp\u00e9cialis\u00e9es, ainsi que la nutrition clinique pour patients ayant divers probl\u00e8mes de sant\u00e9. Cynthia&hellip; <a href=\"http:\/\/cynthiahgnutrition.ca\/fr\/a-propos-de-cynthia\/\" class=\"more-link\">Continue reading <span class=\"screen-reader-text\">\u00c0 Propos de Cynthia<\/span><\/a><\/p>\n","protected":false},"author":2,"featured_media":0,"parent":0,"menu_order":0,"comment_status":"open","ping_status":"open","template":"","meta":[],"_links":{"self":[{"href":"http:\/\/cynthiahgnutrition.ca\/fr\/wp-json\/wp\/v2\/pages\/9"}],"collection":[{"href":"http:\/\/cynthiahgnutrition.ca\/fr\/wp-json\/wp\/v2\/pages"}],"about":[{"href":"http:\/\/cynthiahgnutrition.ca\/fr\/wp-json\/wp\/v2\/types\/page"}],"author":[{"embeddable":true,"href":"http:\/\/cynthiahgnutrition.ca\/fr\/wp-json\/wp\/v2\/users\/2"}],"replies":[{"embeddable":true,"href":"http:\/\/cynthiahgnutrition.ca\/fr\/wp-json\/wp\/v2\/comments?post=9"}],"version-history":[{"count":11,"href":"http:\/\/cynthiahgnutrition.ca\/fr\/wp-json\/wp\/v2\/pages\/9\/revisions"}],"predecessor-version":[{"id":33,"href":"http:\/\/cynthiahgnutrition.ca\/fr\/wp-json\/wp\/v2\/pages\/9\/revisions\/33"}],"wp:attachment":[{"href":"http:\/\/cynthiahgnutrition.ca\/fr\/wp-json\/wp\/v2\/media?parent=9"}],"curies":[{"name":"wp","href":"https:\/\/api.w.org\/{rel}","templated":true}]}}